{"id":7,"date":"2023-01-07T16:30:31","date_gmt":"2023-01-07T15:30:31","guid":{"rendered":"http:\/\/dipmedia.ovh\/?page_id=7"},"modified":"2025-10-23T11:36:27","modified_gmt":"2025-10-23T09:36:27","slug":"about","status":"publish","type":"page","link":"https:\/\/dipmedia.ovh\/index.php\/about\/","title":{"rendered":"Nos services"},"content":{"rendered":"\n<h2 class=\"wp-block-heading has-large-font-size\" id=\"inspiro-is-a-digital-product-agency-that-focuses-on-strategy-and-design\" style=\"font-style:normal;font-weight:100\"><strong>Dip media est une agence sp\u00e9cialis\u00e9e sur les m\u00e9dias interactifs, vid\u00e9omappings, d\u00e9cors XR et jingles vid\u00e9o.<\/strong><br><br>Nous vous accompagnons depuis le storyboard jusqu&#8217;\u00e0 la diffusion finale.<\/h2>\n\n\n\n<div style=\"height:100px\" aria-hidden=\"true\" class=\"wp-block-spacer\"><\/div>\n\n\n\n<div class=\"wp-block-columns alignwide is-layout-flex wp-container-core-columns-is-layout-9d6595d7 wp-block-columns-is-layout-flex\">\n<div class=\"wp-block-column is-vertically-aligned-top is-layout-flow wp-block-column-is-layout-flow\">\n<figure class=\"wp-block-image size-large\"><img loading=\"lazy\" decoding=\"async\" width=\"1024\" height=\"680\" src=\"http:\/\/dipmedia.ovh\/wp-content\/uploads\/2023\/01\/baccarat1-1024x680.jpg\" alt=\"\" class=\"wp-image-65\" srcset=\"https:\/\/dipmedia.ovh\/wp-content\/uploads\/2023\/01\/baccarat1-1024x680.jpg 1024w, https:\/\/dipmedia.ovh\/wp-content\/uploads\/2023\/01\/baccarat1-300x199.jpg 300w, https:\/\/dipmedia.ovh\/wp-content\/uploads\/2023\/01\/baccarat1-768x510.jpg 768w, https:\/\/dipmedia.ovh\/wp-content\/uploads\/2023\/01\/baccarat1-1536x1020.jpg 1536w, https:\/\/dipmedia.ovh\/wp-content\/uploads\/2023\/01\/baccarat1-2048x1360.jpg 2048w, https:\/\/dipmedia.ovh\/wp-content\/uploads\/2023\/01\/baccarat1-2000x1328.jpg 2000w\" sizes=\"auto, (max-width: 1024px) 100vw, 1024px\" \/><\/figure>\n\n\n\n<p class=\"has-text-align-center has-black-color has-text-color has-medium-font-size\"><strong>L&#8217;\u00e9quipe<\/strong><\/p>\n\n\n\n<p class=\"has-text-align-center has-text-color\" style=\"color:#7a7a7a\">Nous sommes un collectif de<br>motion designers, sc\u00e9nographes, infographiste 3d temps r\u00e9el, directeurs de productions et directeurs techniques.<\/p>\n<\/div>\n\n\n\n<div class=\"wp-block-column is-vertically-aligned-top is-layout-flow wp-block-column-is-layout-flow\">\n<figure class=\"wp-block-image size-full is-resized\"><img loading=\"lazy\" decoding=\"async\" width=\"600\" height=\"450\" src=\"http:\/\/dipmedia.ovh\/wp-content\/uploads\/2023\/01\/defiledemode.jpg\" alt=\"\" class=\"wp-image-66\" style=\"width:251px;height:188px\" srcset=\"https:\/\/dipmedia.ovh\/wp-content\/uploads\/2023\/01\/defiledemode.jpg 600w, https:\/\/dipmedia.ovh\/wp-content\/uploads\/2023\/01\/defiledemode-300x225.jpg 300w\" sizes=\"auto, (max-width: 600px) 100vw, 600px\" \/><\/figure>\n\n\n\n<p class=\"has-text-align-center has-black-color has-text-color has-medium-font-size\"><strong>Notre philosophie<\/strong><\/p>\n\n\n\n<p class=\"has-text-align-center has-text-color\" style=\"color:#7a7a7a\">Notre expertise repose sur l&#8217;interactivit\u00e9 dans le live.<br>Nos m\u00e9dias sont modifiables en live gr\u00e2ce a la technologie 3d temps r\u00e9el.<br>Nous restons a la pointe des technologies existantes.<\/p>\n<\/div>\n\n\n\n<div class=\"wp-block-column is-layout-flow wp-block-column-is-layout-flow\">\n<figure class=\"wp-block-image size-large\"><img loading=\"lazy\" decoding=\"async\" width=\"1024\" height=\"683\" src=\"http:\/\/dipmedia.ovh\/wp-content\/uploads\/2023\/01\/convention_suez-1024x683.jpg\" alt=\"\" class=\"wp-image-67\" srcset=\"https:\/\/dipmedia.ovh\/wp-content\/uploads\/2023\/01\/convention_suez-1024x683.jpg 1024w, https:\/\/dipmedia.ovh\/wp-content\/uploads\/2023\/01\/convention_suez-300x200.jpg 300w, https:\/\/dipmedia.ovh\/wp-content\/uploads\/2023\/01\/convention_suez-768x512.jpg 768w, https:\/\/dipmedia.ovh\/wp-content\/uploads\/2023\/01\/convention_suez-1536x1024.jpg 1536w, https:\/\/dipmedia.ovh\/wp-content\/uploads\/2023\/01\/convention_suez-2048x1365.jpg 2048w, https:\/\/dipmedia.ovh\/wp-content\/uploads\/2023\/01\/convention_suez-2000x1333.jpg 2000w\" sizes=\"auto, (max-width: 1024px) 100vw, 1024px\" \/><\/figure>\n\n\n\n<p class=\"has-text-align-center has-black-color has-text-color has-medium-font-size\"><strong>Nos Services<\/strong><\/p>\n\n\n\n<p class=\"has-text-align-center has-text-color\" style=\"color:#7a7a7a\">Nous pr\u00e9parons des maquettes 3d temps r\u00e9el afin de vous accompagner sur vos appels d&#8217;offres avec les designs les plus impactants pour votre marque et nous vous accompagnons jusqu&#8217;\u00e0 la diffusion.<\/p>\n<\/div>\n<\/div>\n\n\n\n<h3 class=\"wp-block-heading alignfull has-text-align-center has-large-font-size\" id=\"inspiro-is-a-digital-product-agency-that-focuses-on-strategy-and-desig\" style=\"font-weight:300\"><strong>Showreel<\/strong><\/h3>\n\n\n\n<figure class=\"wp-block-embed aligncenter is-type-video is-provider-vimeo wp-block-embed-vimeo\"><div class=\"wp-block-embed__wrapper\">\n<iframe loading=\"lazy\" title=\"SHOW REEL\" src=\"https:\/\/player.vimeo.com\/video\/788040657?dnt=1&amp;app_id=122963\" width=\"950\" height=\"534\" frameborder=\"0\" allow=\"autoplay; fullscreen; picture-in-picture; clipboard-write; encrypted-media; web-share\" referrerpolicy=\"strict-origin-when-cross-origin\"><\/iframe>\n<\/div><\/figure>\n\n\n\n<p><\/p>\n","protected":false},"excerpt":{"rendered":"<p>Dip media est une agence sp\u00e9cialis\u00e9e sur les m\u00e9dias interactifs, vid\u00e9omappings, d\u00e9cors XR et jingles vid\u00e9o. Nous vous accompagnons depuis le storyboard jusqu&#8217;\u00e0 la diffusion finale. L&#8217;\u00e9quipe Nous sommes un collectif demotion designers, sc\u00e9nographes, infographiste 3d temps r\u00e9el, directeurs de productions et directeurs techniques. Notre philosophie Notre expertise repose sur l&#8217;interactivit\u00e9 dans le live.Nos m\u00e9dias &hellip; <\/p>\n<p class=\"link-more\"><a href=\"https:\/\/dipmedia.ovh\/index.php\/about\/\" class=\"more-link\">Read more<span class=\"screen-reader-text\"> &#8220;Nos services&#8221;<\/span><\/a><\/p>\n","protected":false},"author":1,"featured_media":73,"parent":0,"menu_order":0,"comment_status":"closed","ping_status":"closed","template":"","meta":{"footnotes":""},"class_list":["post-7","page","type-page","status-publish","has-post-thumbnail","hentry"],"_links":{"self":[{"href":"https:\/\/dipmedia.ovh\/index.php\/wp-json\/wp\/v2\/pages\/7","targetHints":{"allow":["GET"]}}],"collection":[{"href":"https:\/\/dipmedia.ovh\/index.php\/wp-json\/wp\/v2\/pages"}],"about":[{"href":"https:\/\/dipmedia.ovh\/index.php\/wp-json\/wp\/v2\/types\/page"}],"author":[{"embeddable":true,"href":"https:\/\/dipmedia.ovh\/index.php\/wp-json\/wp\/v2\/users\/1"}],"replies":[{"embeddable":true,"href":"https:\/\/dipmedia.ovh\/index.php\/wp-json\/wp\/v2\/comments?post=7"}],"version-history":[{"count":17,"href":"https:\/\/dipmedia.ovh\/index.php\/wp-json\/wp\/v2\/pages\/7\/revisions"}],"predecessor-version":[{"id":193,"href":"https:\/\/dipmedia.ovh\/index.php\/wp-json\/wp\/v2\/pages\/7\/revisions\/193"}],"wp:featuredmedia":[{"embeddable":true,"href":"https:\/\/dipmedia.ovh\/index.php\/wp-json\/wp\/v2\/media\/73"}],"wp:attachment":[{"href":"https:\/\/dipmedia.ovh\/index.php\/wp-json\/wp\/v2\/media?parent=7"}],"curies":[{"name":"wp","href":"https:\/\/api.w.org\/{rel}","templated":true}]}}