{"id":6,"date":"2023-01-07T16:30:31","date_gmt":"2023-01-07T15:30:31","guid":{"rendered":"http:\/\/dipmedia.ovh\/?page_id=6"},"modified":"2023-01-09T18:08:11","modified_gmt":"2023-01-09T17:08:11","slug":"beaux-portfolios-pour-des-creatifs-exceptionnels","status":"publish","type":"page","link":"https:\/\/dipmedia.ovh\/","title":{"rendered":"Des cr\u00e9ations exceptionnelles"},"content":{"rendered":"\n<p class=\"has-text-align-center has-large-font-size\">Sc\u00e9nographies&nbsp;innovantes&nbsp;et <br>impactantes pour votre marque.<\/p>\n\n\n\n<p><\/p>\n\n\n\n<div style=\"height:55px\" aria-hidden=\"true\" class=\"wp-block-spacer\"><\/div>\n\n\n\n<div class=\"wp-block-group alignfull has-background\" style=\"background-color:#e5e9ec\"><div class=\"wp-block-group__inner-container is-layout-flow wp-block-group-is-layout-flow\">\n<div class=\"wp-block-columns is-layout-flex wp-container-core-columns-is-layout-9d6595d7 wp-block-columns-is-layout-flex\">\n<div class=\"wp-block-column is-vertically-aligned-center is-layout-flow wp-block-column-is-layout-flow\">\n<h2 class=\"wp-block-heading\"><\/h2>\n\n\n\n<p class=\"has-medium-font-size\">Dip Media d\u00e9ploie l\u2019ensemble des expertises techniques et artistiques, pour chacun de vos \u00e9v\u00e9nements.&nbsp;<br><\/p>\n\n\n\n<div class=\"wp-block-buttons is-horizontal is-content-justification-left is-layout-flex wp-container-core-buttons-is-layout-7e5fce0a wp-block-buttons-is-layout-flex\">\n<div class=\"wp-block-button is-style-outline is-style-outline--1\"><a class=\"wp-block-button__link wp-element-button\" href=\"#\">About Us<\/a><\/div>\n<\/div>\n\n\n\n<p><\/p>\n<\/div>\n\n\n\n<div class=\"wp-block-column is-layout-flow wp-block-column-is-layout-flow\">\n<div style=\"height:48px\" aria-hidden=\"true\" class=\"wp-block-spacer\"><\/div>\n\n\n\n<figure class=\"wp-block-image size-full is-style-rounded\"><img loading=\"lazy\" decoding=\"async\" width=\"500\" height=\"330\" src=\"http:\/\/dipmedia.ovh\/wp-content\/uploads\/2023\/01\/vp2.jpg\" alt=\"\" class=\"wp-image-38\" srcset=\"https:\/\/dipmedia.ovh\/wp-content\/uploads\/2023\/01\/vp2.jpg 500w, https:\/\/dipmedia.ovh\/wp-content\/uploads\/2023\/01\/vp2-300x198.jpg 300w\" sizes=\"auto, (max-width: 500px) 100vw, 500px\" \/><\/figure>\n<\/div>\n<\/div>\n<\/div><\/div>\n\n\n\n<div class=\"wp-block-group alignfull\"><div class=\"wp-block-group__inner-container is-layout-flow wp-block-group-is-layout-flow\">\n<div class=\"wp-block-columns are-vertically-aligned-center is-layout-flex wp-container-core-columns-is-layout-9d6595d7 wp-block-columns-is-layout-flex\">\n<div class=\"wp-block-column is-vertically-aligned-center is-layout-flow wp-block-column-is-layout-flow\">\n<div style=\"height:48px\" aria-hidden=\"true\" class=\"wp-block-spacer\"><\/div>\n\n\n\n<figure class=\"wp-block-image size-full\"><img loading=\"lazy\" decoding=\"async\" width=\"400\" height=\"400\" src=\"http:\/\/dipmedia.ovh\/wp-content\/uploads\/2023\/01\/deco.jpg\" alt=\"\" class=\"wp-image-41\" srcset=\"https:\/\/dipmedia.ovh\/wp-content\/uploads\/2023\/01\/deco.jpg 400w, https:\/\/dipmedia.ovh\/wp-content\/uploads\/2023\/01\/deco-300x300.jpg 300w, https:\/\/dipmedia.ovh\/wp-content\/uploads\/2023\/01\/deco-150x150.jpg 150w\" sizes=\"auto, (max-width: 400px) 100vw, 400px\" \/><\/figure>\n<\/div>\n\n\n\n<div class=\"wp-block-column is-vertically-aligned-center is-layout-flow wp-block-column-is-layout-flow\">\n<h2 class=\"wp-block-heading\"><\/h2>\n\n\n\n<p class=\"has-medium-font-size\">Nous vous accompagnons sur l\u2019ensemble des \u00e9tapes de votre projet : de la conception artistique, \u00e0 la diffusion des m\u00e9dias.<\/p>\n\n\n\n<div class=\"wp-block-buttons is-layout-flex wp-block-buttons-is-layout-flex\">\n<div class=\"wp-block-button is-style-outline is-style-outline--2\"><a class=\"wp-block-button__link wp-element-button\" href=\"#\">Services<\/a><\/div>\n<\/div>\n<\/div>\n<\/div>\n<\/div><\/div>\n\n\n\n<div class=\"wp-block-group alignfull has-black-background-color has-background\"><div class=\"wp-block-group__inner-container is-layout-flow wp-block-group-is-layout-flow\">\n<h2 class=\"has-text-align-center has-white-color has-text-color wp-block-heading\"><\/h2>\n\n\n\n<figure class=\"wp-block-gallery aligncenter has-nested-images columns-default is-cropped wp-block-gallery-3 is-layout-flex wp-block-gallery-is-layout-flex\">\n<figure class=\"wp-block-image size-large\"><img loading=\"lazy\" decoding=\"async\" width=\"1024\" height=\"576\" data-id=\"44\" src=\"http:\/\/dipmedia.ovh\/wp-content\/uploads\/2023\/01\/20110505-projection-la-sorbonne-f.champy122-1-1024x576.jpg\" alt=\"\" class=\"wp-image-44\" srcset=\"https:\/\/dipmedia.ovh\/wp-content\/uploads\/2023\/01\/20110505-projection-la-sorbonne-f.champy122-1-1024x576.jpg 1024w, https:\/\/dipmedia.ovh\/wp-content\/uploads\/2023\/01\/20110505-projection-la-sorbonne-f.champy122-1-300x169.jpg 300w, https:\/\/dipmedia.ovh\/wp-content\/uploads\/2023\/01\/20110505-projection-la-sorbonne-f.champy122-1-768x432.jpg 768w, https:\/\/dipmedia.ovh\/wp-content\/uploads\/2023\/01\/20110505-projection-la-sorbonne-f.champy122-1-1536x864.jpg 1536w, https:\/\/dipmedia.ovh\/wp-content\/uploads\/2023\/01\/20110505-projection-la-sorbonne-f.champy122-1.jpg 1920w\" sizes=\"auto, (max-width: 1024px) 100vw, 1024px\" \/><\/figure>\n\n\n\n<figure class=\"wp-block-image size-full\"><img loading=\"lazy\" decoding=\"async\" width=\"500\" height=\"330\" data-id=\"45\" src=\"http:\/\/dipmedia.ovh\/wp-content\/uploads\/2023\/01\/mapping3.jpg\" alt=\"\" class=\"wp-image-45\" srcset=\"https:\/\/dipmedia.ovh\/wp-content\/uploads\/2023\/01\/mapping3.jpg 500w, https:\/\/dipmedia.ovh\/wp-content\/uploads\/2023\/01\/mapping3-300x198.jpg 300w\" sizes=\"auto, (max-width: 500px) 100vw, 500px\" \/><\/figure>\n\n\n\n<figure class=\"wp-block-image size-large\"><img loading=\"lazy\" decoding=\"async\" width=\"1024\" height=\"683\" data-id=\"46\" src=\"http:\/\/dipmedia.ovh\/wp-content\/uploads\/2023\/01\/vpindex-1024x683.jpg\" alt=\"\" class=\"wp-image-46\" srcset=\"https:\/\/dipmedia.ovh\/wp-content\/uploads\/2023\/01\/vpindex-1024x683.jpg 1024w, https:\/\/dipmedia.ovh\/wp-content\/uploads\/2023\/01\/vpindex-300x200.jpg 300w, https:\/\/dipmedia.ovh\/wp-content\/uploads\/2023\/01\/vpindex-768x512.jpg 768w, https:\/\/dipmedia.ovh\/wp-content\/uploads\/2023\/01\/vpindex-1536x1024.jpg 1536w, https:\/\/dipmedia.ovh\/wp-content\/uploads\/2023\/01\/vpindex.jpg 1600w\" sizes=\"auto, (max-width: 1024px) 100vw, 1024px\" \/><\/figure>\n\n\n\n<figure class=\"wp-block-image size-large\"><img loading=\"lazy\" decoding=\"async\" width=\"1024\" height=\"614\" data-id=\"56\" src=\"http:\/\/dipmedia.ovh\/wp-content\/uploads\/2023\/01\/cropped-16-1024x614.jpg\" alt=\"\" class=\"wp-image-56\" srcset=\"https:\/\/dipmedia.ovh\/wp-content\/uploads\/2023\/01\/cropped-16-1024x614.jpg 1024w, https:\/\/dipmedia.ovh\/wp-content\/uploads\/2023\/01\/cropped-16-300x180.jpg 300w, https:\/\/dipmedia.ovh\/wp-content\/uploads\/2023\/01\/cropped-16-768x460.jpg 768w, https:\/\/dipmedia.ovh\/wp-content\/uploads\/2023\/01\/cropped-16-1536x921.jpg 1536w, https:\/\/dipmedia.ovh\/wp-content\/uploads\/2023\/01\/cropped-16.jpg 2000w\" sizes=\"auto, (max-width: 1024px) 100vw, 1024px\" \/><\/figure>\n\n\n\n<figure class=\"wp-block-image size-full\"><img loading=\"lazy\" decoding=\"async\" width=\"1024\" height=\"768\" data-id=\"48\" src=\"http:\/\/dipmedia.ovh\/wp-content\/uploads\/2023\/01\/vjclients.jpg\" alt=\"\" class=\"wp-image-48\" srcset=\"https:\/\/dipmedia.ovh\/wp-content\/uploads\/2023\/01\/vjclients.jpg 1024w, https:\/\/dipmedia.ovh\/wp-content\/uploads\/2023\/01\/vjclients-300x225.jpg 300w, https:\/\/dipmedia.ovh\/wp-content\/uploads\/2023\/01\/vjclients-768x576.jpg 768w\" sizes=\"auto, (max-width: 1024px) 100vw, 1024px\" \/><\/figure>\n\n\n\n<figure class=\"wp-block-image size-large\"><img loading=\"lazy\" decoding=\"async\" width=\"1024\" height=\"576\" data-id=\"49\" src=\"http:\/\/dipmedia.ovh\/wp-content\/uploads\/2023\/01\/NTM-1024x576.jpg\" alt=\"\" class=\"wp-image-49\" srcset=\"https:\/\/dipmedia.ovh\/wp-content\/uploads\/2023\/01\/NTM-1024x576.jpg 1024w, https:\/\/dipmedia.ovh\/wp-content\/uploads\/2023\/01\/NTM-300x169.jpg 300w, https:\/\/dipmedia.ovh\/wp-content\/uploads\/2023\/01\/NTM-768x432.jpg 768w, https:\/\/dipmedia.ovh\/wp-content\/uploads\/2023\/01\/NTM-1536x864.jpg 1536w, https:\/\/dipmedia.ovh\/wp-content\/uploads\/2023\/01\/NTM.jpg 1920w\" sizes=\"auto, (max-width: 1024px) 100vw, 1024px\" \/><\/figure>\n<\/figure>\n<\/div><\/div>\n\n\n\n<div class=\"wp-block-cover alignfull is-light has-parallax is-position-center-center\" style=\"min-height:375px;aspect-ratio:unset;\"><span aria-hidden=\"true\" class=\"wp-block-cover__background has-black-background-color has-background-dim-40 has-background-dim\"><\/span><div role=\"img\" class=\"wp-block-cover__image-background wp-image-51 has-parallax\" style=\"background-position:50% 50%;background-image:url(http:\/\/dipmedia.ovh\/wp-content\/uploads\/2023\/01\/IMGP1866-scaled.jpg)\"><\/div><div class=\"wp-block-cover__inner-container is-layout-flow wp-block-cover-is-layout-flow\">\n<p class=\"has-text-align-center has-text-color has-huge-font-size\" style=\"color:#fffffa;line-height:1.1\"><strong>Lib\u00e9rez votre cr\u00e9ativit\u00e9  <\/strong><\/p>\n\n\n\n<div style=\"height:39px\" aria-hidden=\"true\" class=\"wp-block-spacer\"><\/div>\n\n\n\n<div class=\"wp-block-buttons is-horizontal is-content-justification-center is-layout-flex wp-container-core-buttons-is-layout-499968f5 wp-block-buttons-is-layout-flex\">\n<div class=\"wp-block-button is-style-outline is-style-outline--4\"><a class=\"wp-block-button__link has-white-color has-text-color wp-element-button\" href=\"#\">Contact us<\/a><\/div>\n<\/div>\n<\/div><\/div>\n","protected":false},"excerpt":{"rendered":"<p>Sc\u00e9nographies&nbsp;innovantes&nbsp;et impactantes pour votre marque. Dip Media d\u00e9ploie l\u2019ensemble des expertises techniques et artistiques, pour chacun de vos \u00e9v\u00e9nements.&nbsp; Nous vous accompagnons sur l\u2019ensemble des \u00e9tapes de votre projet : de la conception artistique, \u00e0 la diffusion des m\u00e9dias.<\/p>\n","protected":false},"author":1,"featured_media":5,"parent":0,"menu_order":0,"comment_status":"closed","ping_status":"closed","template":"","meta":{"footnotes":""},"class_list":["post-6","page","type-page","status-publish","has-post-thumbnail","hentry"],"_links":{"self":[{"href":"https:\/\/dipmedia.ovh\/index.php\/wp-json\/wp\/v2\/pages\/6","targetHints":{"allow":["GET"]}}],"collection":[{"href":"https:\/\/dipmedia.ovh\/index.php\/wp-json\/wp\/v2\/pages"}],"about":[{"href":"https:\/\/dipmedia.ovh\/index.php\/wp-json\/wp\/v2\/types\/page"}],"author":[{"embeddable":true,"href":"https:\/\/dipmedia.ovh\/index.php\/wp-json\/wp\/v2\/users\/1"}],"replies":[{"embeddable":true,"href":"https:\/\/dipmedia.ovh\/index.php\/wp-json\/wp\/v2\/comments?post=6"}],"version-history":[{"count":18,"href":"https:\/\/dipmedia.ovh\/index.php\/wp-json\/wp\/v2\/pages\/6\/revisions"}],"predecessor-version":[{"id":61,"href":"https:\/\/dipmedia.ovh\/index.php\/wp-json\/wp\/v2\/pages\/6\/revisions\/61"}],"wp:featuredmedia":[{"embeddable":true,"href":"https:\/\/dipmedia.ovh\/index.php\/wp-json\/wp\/v2\/media\/5"}],"wp:attachment":[{"href":"https:\/\/dipmedia.ovh\/index.php\/wp-json\/wp\/v2\/media?parent=6"}],"curies":[{"name":"wp","href":"https:\/\/api.w.org\/{rel}","templated":true}]}}